{"id":21728,"date":"2026-02-17T16:43:13","date_gmt":"2026-02-17T15:43:13","guid":{"rendered":"https:\/\/cbae.eu\/?page_id=21728"},"modified":"2026-02-17T16:43:13","modified_gmt":"2026-02-17T15:43:13","slug":"reunion-generale-2026","status":"publish","type":"page","link":"https:\/\/cbae.eu\/index.php\/reunion-generale-2026\/","title":{"rendered":"R\u00e9union g\u00e9n\u00e9rale &#8211; f\u00e9vrier 2026"},"content":{"rendered":"\n","protected":false},"excerpt":{"rendered":"","protected":false},"author":1,"featured_media":0,"parent":0,"menu_order":0,"comment_status":"closed","ping_status":"closed","template":"","meta":{"footnotes":""},"class_list":["post-21728","page","type-page","status-publish","hentry"],"_links":{"self":[{"href":"https:\/\/cbae.eu\/index.php\/wp-json\/wp\/v2\/pages\/21728","targetHints":{"allow":["GET"]}}],"collection":[{"href":"https:\/\/cbae.eu\/index.php\/wp-json\/wp\/v2\/pages"}],"about":[{"href":"https:\/\/cbae.eu\/index.php\/wp-json\/wp\/v2\/types\/page"}],"author":[{"embeddable":true,"href":"https:\/\/cbae.eu\/index.php\/wp-json\/wp\/v2\/users\/1"}],"replies":[{"embeddable":true,"href":"https:\/\/cbae.eu\/index.php\/wp-json\/wp\/v2\/comments?post=21728"}],"version-history":[{"count":4,"href":"https:\/\/cbae.eu\/index.php\/wp-json\/wp\/v2\/pages\/21728\/revisions"}],"predecessor-version":[{"id":21749,"href":"https:\/\/cbae.eu\/index.php\/wp-json\/wp\/v2\/pages\/21728\/revisions\/21749"}],"wp:attachment":[{"href":"https:\/\/cbae.eu\/index.php\/wp-json\/wp\/v2\/media?parent=21728"}],"curies":[{"name":"wp","href":"https:\/\/api.w.org\/{rel}","templated":true}]}}